{"id":140,"date":"2012-07-08T18:15:24","date_gmt":"2012-07-08T18:15:24","guid":{"rendered":"http:\/\/sarhamaa.wordpress.com\/?page_id=140"},"modified":"2012-07-08T18:15:24","modified_gmt":"2012-07-08T18:15:24","slug":"kataya-voyager","status":"publish","type":"page","link":"https:\/\/sarhamaa.com\/wp\/?page_id=140","title":{"rendered":"Kataya: Voyager"},"content":{"rendered":"<p><a href=\"http:\/\/sarhamaa.files.wordpress.com\/2012\/07\/voyager5-7.jpg\"><img loading=\"lazy\" decoding=\"async\" class=\" wp-image-229 alignleft\" title=\"Voyager5.7\" src=\"http:\/\/sarhamaa.files.wordpress.com\/2012\/07\/voyager5-7.jpg?w=300\" alt=\"\" width=\"197\" height=\"197\" srcset=\"https:\/\/sarhamaa.com\/wp\/wp-content\/uploads\/2012\/07\/voyager5-7.jpg 1196w, https:\/\/sarhamaa.com\/wp\/wp-content\/uploads\/2012\/07\/voyager5-7-150x150.jpg 150w, https:\/\/sarhamaa.com\/wp\/wp-content\/uploads\/2012\/07\/voyager5-7-300x300.jpg 300w, https:\/\/sarhamaa.com\/wp\/wp-content\/uploads\/2012\/07\/voyager5-7-1024x1024.jpg 1024w\" sizes=\"auto, (max-width: 197px) 100vw, 197px\" \/><\/a>Katayas second CD.<br \/>\nA space journey in three suites.<\/p>\n<p>This time I was the project leader (Matti having been the leader on Canto Obscura). I pressed for a more organic approach to making music and as a result Voyager&#8217;s compositional method was a slightly controlled chaos, music more or less improvised. Of course the post production was heavy but the freshness achieved by this method was precisely what I was after. I am very proud of the result. The whole backstory of K was dreamed after the fact as were the suites as such. K aka Keijo was the arts and crafts project of Teijo (utilising a glove, some light bulbs and duct tape) relieving his tedium while I was editing away. You can see it in the third making of, there are 3 in total + the one we filmed while traveling and performing at Tilburg, Holland (This travelogue can be found from <a title=\"Kataya\u00a0(Main)\" href=\"http:\/\/sarhamaa.wordpress.com\/bands\/kataya-main\/\">Kataya (Main)<\/a>). The whole album was conceived by the three of us, main bulk of work split quite evenly between T and me.<\/p>\n<p><a href=\"http:\/\/sarhamaa.files.wordpress.com\/2012\/07\/katayaband2.jpg\"><img loading=\"lazy\" decoding=\"async\" class=\"aligncenter size-medium wp-image-225\" title=\"katayaband2\" src=\"http:\/\/sarhamaa.files.wordpress.com\/2012\/07\/katayaband2.jpg?w=300\" alt=\"\" width=\"300\" height=\"142\" srcset=\"https:\/\/sarhamaa.com\/wp\/wp-content\/uploads\/2012\/07\/katayaband2.jpg 1216w, https:\/\/sarhamaa.com\/wp\/wp-content\/uploads\/2012\/07\/katayaband2-300x142.jpg 300w, https:\/\/sarhamaa.com\/wp\/wp-content\/uploads\/2012\/07\/katayaband2-1024x485.jpg 1024w\" sizes=\"auto, (max-width: 300px) 100vw, 300px\" \/><\/a><\/p>\n<p>[soundcloud url=&#8221;http:\/\/api.soundcloud.com\/tracks\/52701487?secret_token=s-Fb0wU&#8221; params=&#8221;auto_play=false&amp;show_artwork=false&amp;color=f71161&#8243; width=&#8221;100%&#8221; height=&#8221;166&#8243; iframe=&#8221;true&#8221; \/]<\/p>\n<p>[soundcloud url=&#8221;http:\/\/api.soundcloud.com\/tracks\/52697801?secret_token=s-tnwP8&#8243; params=&#8221;auto_play=false&amp;show_artwork=false&amp;color=f71161&#8243; width=&#8221;100%&#8221; height=&#8221;166&#8243; iframe=&#8221;true&#8221; \/]<\/p>\n<p>[youtube http:\/\/www.youtube.com\/watch?v=cjqCtxTx0Ig&amp;w=420&amp;h=315]<\/p>\n<p>[youtube http:\/\/www.youtube.com\/watch?v=6CZ_G2WV73Q&amp;w=420&amp;h=315]<\/p>\n<p>[youtube http:\/\/www.youtube.com\/watch?v=i-7zo50duhM&amp;w=420&amp;h=315]<\/p>\n<p>[youtube http:\/\/www.youtube.com\/watch?v=2EaDnm_jVh4&amp;w=420&amp;h=315]<\/p>\n<p>[youtube http:\/\/www.youtube.com\/watch?v=USBOVcGl1Fw&amp;w=420&amp;h=315]<\/p>\n<p>[youtube http:\/\/www.youtube.com\/watch?v=aXf-oNGtkTc&amp;w=420&amp;h=315]<\/p>\n<p>A review from Retrokki (http:\/\/retrokkiblog.wordpress.com), expertly done by Pekka Koskivaara:<\/p>\n<p>Suomessakin, populaarimusiikin valta- ja rahavirtojen rajamailla tekee omaehtoista matkaansa lukuisa m\u00e4\u00e4r\u00e4 kiinnostavia, trendipelleilyist\u00e4 piittaamattomia artisteja, solisteja ja b\u00e4ndej\u00e4. Ja uskoisin, ett\u00e4 lis\u00e4ksi varsin tyytyv\u00e4isin\u00e4: menestymispaineet ovat olemattomia, usein soitto-, \u00e4\u00e4nitys- ja julkaisupuoli ovat t\u00e4ysin omissa n\u00e4peiss\u00e4. Netin ansiosta yleis\u00f6 on hetkess\u00e4 maailmanlaajuinen. Tekij\u00f6ill\u00e4 on kokemusta ja n\u00e4kemyst\u00e4 jopa vuosikymmenten takaa.<br \/>\nKuten Katayan soittajilla<br \/>\nKatayan p\u00e4\u00e4velhoista Matti Kervinen on tuttu kaveri jo Back Beatin (ja Sturen Levyn) ajoilta. H\u00e4n on paitsi kuunnellut, myynyt ja arvioinut, my\u00f6s tuottanut ja soittanut eri yhteyksiss\u00e4 \u2013 yhteinen nimitt\u00e4j\u00e4 on aina ollut proge, joskus folk- ja ambient-vivahtein. \u00c4ij\u00e4 soittaa my\u00f6s tribuuttib\u00e4ndiss\u00e4, tribuutin kohteina Yes ja Jethro Tull \u2013 olikohan niit\u00e4 muitakin? Ai niin, Pax Romana on my\u00f6s yksi kaverin virityksist\u00e4.<br \/>\nKatayan muut vahvat miehet ovat Sami Sarhamaa ja Teijo Tikkanen. Muistelen aiemmin kuulleeni yhtyeen edellisen kiekon Canto Obscura, mutta en-ihastuneeni. Olikohan niin, ett\u00e4 silloin mukana oli naislaulaja, ja musiikki biiseihin perustuvaa folk-progea. Ajatus (ja soitto ja laulukin) oli ihan ok, mutta biisit taisivat olla v\u00e4h\u00e4n valjuja?<br \/>\nKuuntelin (v\u00e4h\u00e4n velvollisuudesta \u2013 ei, ei kuitenkaan ole arvostelukiekko) t\u00e4t\u00e4 uutta Voyageria jonkin aikaa, kansiin ja infoon en perehtynyt. Odotin, milloinkas se laulu alkaakaan\u2026 kunnes tajusin ett\u00e4 eip\u00e4s ala ollenkaan. Kyseess\u00e4h\u00e4n on \u2013 kauhistus! \u2013 kokonaisuus, teemakiekko, progeooppera, avaruuskonsertto, space-age symphony, biisipotpuri, matkakertomus, fantasia avaruusaluksen matkasta. Se monille pahamaineinen, mutta minua Whon Tommysta l\u00e4htien kiehtonut taidemuoto.<br \/>\nJo levyn nimi (ja kansi) puraisee vahvasti t\u00e4llaista avaruuslentojen ja -luotainten lumoihin 60-luvulla joutunutta (vaikka Voyagerit taisivatkin lent\u00e4\u00e4 70-luvun lopulla).<br \/>\nPaineistakaa kyp\u00e4r\u00e4nne, alus valmiina l\u00e4ht\u00f6\u00f6n<br \/>\nMatti Kervinen, Sami Sarhamaa ja Teijo Tikkanen ovat kesken\u00e4\u00e4n s\u00e4velt\u00e4neet, sovittaneet, soittaneet ja tuottaneet musiikin \u2013 yhtyeen nettisivuilla kunkin heebon instrumentit luetellaan tarkemmin. Koskettimia, syntikoita, kitaroita, bassoja, rumpuja, jonkin verran my\u00f6s vokaaleita. Uskoisin, ett\u00e4 tekeminen on ollut todellista nautintoa!<br \/>\nVaikka vaikutteita (ainakin oman mielikuvitukseni tuotteina) pulpahtelee esiin siell\u00e4 sun t\u00e4\u00e4ll\u00e4 (Vangelis, Oldfield, Hansson, Giltrap, Wakeman, Tomita), kokonaisuus on harvinaisen yhten\u00e4inen ja tyylik\u00e4s. Itse asiassa niin kokonainen, ett\u00e4 en tied\u00e4, miksi kaverit ovat p\u00e4\u00e4tt\u00e4neet nimet\u00e4 levylle kolme kokonaisuutta ja kunkin sis\u00e4lt\u00e4 viel\u00e4 raitoja. Musiikki soljuu biisist\u00e4 toiseen tauoitta ja limitt\u00e4in. Mit\u00e4k\u00f6h\u00e4n muuten ulkomailla ajatellaan biisist\u00e4 nimelt\u00e4 Blue Cranes Over Korso?! No, onhan Korso, Vantaa paikka siin\u00e4 miss\u00e4 Memphis, Tennesseekin\u2026<br \/>\nMajor Tom?<br \/>\nInstrumentaalisuus + v\u00e4lj\u00e4 teema + soitinarsenaali + studioaikaa + soittotaitoa = K-nimisen olennon matka avaruuden halki. Helposti voisi kuvitella, ett\u00e4 kaverit ovat vet\u00e4isseet pitki\u00e4, l\u00e4hes muuttumattomina pulputtavia \u00e4\u00e4nimattoja \u2013 ja v\u00e4liin sen \u201dThe Chase\u201d -nimisen rep\u00e4isyn. Not so!<br \/>\nMonipuoliset ja -\u00e4\u00e4niset koskettimet, niiden luomat vaihtelevat ja v\u00e4rikk\u00e4\u00e4t kudelmat, miellytt\u00e4v\u00e4n melodiset teemat, s\u00e4hk\u00f6kitaroitten \u2013 ja v\u00e4lill\u00e4 akustistenkin \u2013 luomat kaaret ja \u00e4killisetkin tunnelman vaihtelut pit\u00e4v\u00e4t mielenkiinnon yll\u00e4. Itse\u00e4ni vieh\u00e4tt\u00e4\u00e4 erityisesti jo mainittu melodisuus. Jotkut, repivist\u00e4 tunnelmista kicksej\u00e4 saavat saattavat pit\u00e4\u00e4 musiikkia l\u00e4llyn\u00e4. Vastaan: ei t\u00e4m\u00e4 mit\u00e4\u00e4n Kitaroa ole (vaikka ei Kitarossa usein valittamista ole, tosin ei haastettakaan), sill\u00e4 v\u00e4lill\u00e4 kitarat ovat hyvinkin k\u00e4rjekk\u00e4it\u00e4 ja \u00e4\u00e4nekk\u00e4it\u00e4. Sooloja ei pahemmin viljell\u00e4, vaan painopiste on melodioissa ja teemoissa \u2013 kokonaisuudesssa.<br \/>\nMuutaman kuuntelun perusteella ajattelin jo kritisoida \u00e4\u00e4nimaailman yksiulotteisuutta: pohja, basso, jykevyys, puuttui. Sill\u00e4 olisihan nimenomaan avaruuteen sopinut kosminen, matalataajuuksinen humina ja j\u00e4m\u00e4kk\u00e4 basson jytin\u00e4. T\u00e4m\u00e4kin kuvitteellinen puute poistui volyymia lis\u00e4\u00e4m\u00e4ll\u00e4. Suuresti miellytt\u00e4v\u00e4t my\u00f6s analogisilta \u2013 siis vanhanaikaisilta \u2013 kuulostavat soittimet\u2026 vaikka osa taitaa ollakin syntikoilla aikaansaatuja.<br \/>\nJa tied\u00e4tk\u00f6s mit\u00e4? Jos t\u00e4m\u00e4n saisi vinyylin\u00e4, ostaisin! On nimitt\u00e4in pituudenkin puolesta juuri sopiva\u2026<\/p>\n<p><a title=\"Kataya: Voyager cover\" href=\"http:\/\/sarhamaa.files.wordpress.com\/2012\/07\/kataya-digipack-print.pdf\" target=\"_blank\">Voyager cover (pdf)<\/a><\/p>\n","protected":false},"excerpt":{"rendered":"<p>Katayas second CD. A space journey in three suites. This time I was the project leader (Matti having been the leader on Canto Obscura). I pressed for a more organic approach to making music and as a result Voyager&#8217;s compositional method was a slightly controlled chaos, music more or less improvised. Of course the post &hellip; <a href=\"https:\/\/sarhamaa.com\/wp\/?page_id=140\" class=\"more-link\">Continue reading <span class=\"screen-reader-text\">Kataya: Voyager<\/span> <span class=\"meta-nav\">&rarr;<\/span><\/a><\/p>\n","protected":false},"author":1,"featured_media":0,"parent":107,"menu_order":2,"comment_status":"open","ping_status":"open","template":"","meta":{"footnotes":""},"class_list":["post-140","page","type-page","status-publish","hentry"],"_links":{"self":[{"href":"https:\/\/sarhamaa.com\/wp\/index.php?rest_route=\/wp\/v2\/pages\/140","targetHints":{"allow":["GET"]}}],"collection":[{"href":"https:\/\/sarhamaa.com\/wp\/index.php?rest_route=\/wp\/v2\/pages"}],"about":[{"href":"https:\/\/sarhamaa.com\/wp\/index.php?rest_route=\/wp\/v2\/types\/page"}],"author":[{"embeddable":true,"href":"https:\/\/sarhamaa.com\/wp\/index.php?rest_route=\/wp\/v2\/users\/1"}],"replies":[{"embeddable":true,"href":"https:\/\/sarhamaa.com\/wp\/index.php?rest_route=%2Fwp%2Fv2%2Fcomments&post=140"}],"version-history":[{"count":0,"href":"https:\/\/sarhamaa.com\/wp\/index.php?rest_route=\/wp\/v2\/pages\/140\/revisions"}],"up":[{"embeddable":true,"href":"https:\/\/sarhamaa.com\/wp\/index.php?rest_route=\/wp\/v2\/pages\/107"}],"wp:attachment":[{"href":"https:\/\/sarhamaa.com\/wp\/index.php?rest_route=%2Fwp%2Fv2%2Fmedia&parent=140"}],"curies":[{"name":"wp","href":"https:\/\/api.w.org\/{rel}","templated":true}]}}