{"id":27,"date":"2012-07-07T10:17:28","date_gmt":"2012-07-07T10:17:28","guid":{"rendered":"http:\/\/sarhamaa.wordpress.com\/?page_id=27"},"modified":"2024-05-29T09:01:54","modified_gmt":"2024-05-29T06:01:54","slug":"cv-audio-post","status":"publish","type":"page","link":"https:\/\/sarhamaa.com\/wp\/?page_id=27","title":{"rendered":"CV &#8211; Audio post"},"content":{"rendered":"<p>The other side of the coin&#8230;<\/p>\n<p>\u2022 Black Widows (Scandinavian remake) (2016. rrm. 8 episodes. Dir: Janic Heen, Carsten Myllerup)<\/p>\n<p>For <strong>Kalevala \u00c4\u00e4ni<\/strong>: Feature Films, Documentaries, TV Commercials.<br \/>Sound editor, re recording mixer, studio manager<br \/>\u2022 Lomalla (2000. se. Dir. Aleksi M\u00e4kel\u00e4) \u2022 Pahat Pojat (2003. se. Dir. Aleksi M\u00e4kel\u00e4)<br \/>\u2022 Voitka &#8211; Mets\u00e4veljet (2003. se. Dir: Pekka Lehto)<br \/>\u2022 Vares (2004. se. Dir. Aleksi M\u00e4kel\u00e4). \u2022 Riot-On (2004. se. Dir: Kim Finn)<br \/>\u2022 <span class=\"st\">Sobhraj, or How to Be Friends with a Serial Killer (doc. 2004. se, rrm. Dir: Jan Wellmann) <br \/><\/span>\u2022 Vinti\u00f6t (series. 2004. se)<br \/>\u2022 Irtiottoja (series. 2003-2004. se, rrm. Dir: Aku Louhimies)<br \/>\u2022 Game Over (2005. se. Dir: Pekka Lehto)<br \/>\u2022 Valkoinen Kaupunki (2006. se. Dir: Aku Louhimies)<br \/>\u2022 Matti (2006. se. Dir. Aleksi M\u00e4kel\u00e4)<br \/>\u2022 Vares V2 (2007. se. Dir. Aleksi M\u00e4kel\u00e4)<br \/>\u2022 Tummien Perhosten Koti (2008. se. Dir: Dome Karukoski) <br \/>\u2022 Dark Floors (2008. se. Dir: Pete Riski)<br \/>\u2022 R\u00f6\u00f6peri (2009. se. . Dir. Aleksi M\u00e4kel\u00e4) \u2022 Franck Media documentaries (2009 &#8211; 2015. se, rrm. Among others &#8211; Hartwall, Nordkalk, Berner, Kone, Aspo, Rettig, Lemmink\u00e4inen, Unicef, Moomin, S\u00e4\u00e4ti\u00f6t-series&#8230;)<br \/>\u2022 Havukka-ahon Ajattelija (2010, se, rrm)<br \/>\u2022 Borowskin Tango (2010, rrm) \u2022 Hella W (2010, se, rrm. Dir: Juha Wuolijoki)<br \/>\u2022 The Italian Key (2010, rrm)<br \/>\u2022 Harjunp\u00e4\u00e4 ja Pahan Pappi (2011, se, rrm. Dir: Olli Saarela)<br \/>\u2022 Ep\u00e4ilyksen Varjo (2011, se, rrm. Dir: Pekka Lehto) <br \/>\u2022 Syv\u00e4lle Salattu (2011, rrm. Dir: Joona Tena) \u2022 D\u00e4r Vi en G\u00e5ng G\u00e5tt (2011, rrm)<br \/>\u2022 Kotirauha (2011. se, rrm. Dir. Aleksi M\u00e4kel\u00e4) \u2022 Risto (2012, rrm)<br \/>\u2022 H\u00e4rm\u00e4 (2012, rrm, se. Dir: J-P Siili) \u2022 Kulman Pojat (2012, rrm)<br \/>\u2022 Rouva Presidentti (2012, rrm)<br \/>\u2022 Ja Saapuu Oikea Y\u00f6 (2012, rrm) \u2022 The Commissioner (2012, se, rrm. Dir: Pekka Lehto) \u2022 Osumia ja huteja (2012, rrm) \u2022 Kuningas Litmanen (2012, se, rrm)<br \/>\u2022 Juoppohullun P\u00e4iv\u00e4kirja (2012, rrm) \u2022 Robin (2012, rrm)<br \/>\u2022 Mets\u00e4n Tarina (2012, rrm) \u2022 Kaappari (2012, se, rrm. Dir. Aleksi M\u00e4kel\u00e4)<br \/>\u2022 6 Day Run (2012, rrm) \u2022 J\u00e4niksen\u00e4 Varkaudessa (2012, rrm)<br \/>\u2022 Nightwish: Imaginaerum (2013, versioning) \u2022\u00a0Helsinki Music Centre \u2013 Prelude (2013, theater mix. Dir: Matti Reinikka, Miisa Latikka)<br \/>\u2022 Kalervo Palsa ja Kuriton K\u00e4si (2013, se, rrm. Dir: Pekka Lehto) \u2022 Chimeras (doc 2013, theater mix. Dir: Mika Mattila)<br \/>\u2022 Sel8nne (2013, de, rrm. Dir: J-P Siili) \u2022 Frank (2013, animation, rrm)<br \/>\u2022 Livingston (2013, Icelandic short, rrm)<br \/>\u2022 Ute p\u00e5 Landet (2014. Swedish documentary, rrm. Dir: Anders Jedenfors)<br \/>\u2022 The boys of Bensonhurst (2014. Documentary. se, rrm. Dir: Inderjit Khaur Kalsa)<br \/>\u2022 Dream Big &#8211; Isac Elliot (2014. se, rrm) \u2022 Lordi (2014. Documentary. rrm)<br \/>\u2022 Yhteys (2014. Short. rrm)\u00a0\u2022 Ainahan ne palaa (2014. Short. rrm)<br \/>\u2022 Woman on Hold (2014. Documentary. rrm )<br \/>\u2022 Sininen Uni (2014. Short. se, rrm) \u2022 Serlachius (2014. Documentary. se, rrm. Dir: Marianne Zilliacus)\u00a0\u2022 Lomasankarit (2014. Foley\/ADR -recording, rrm. Dir: Taavi Vartia)<br \/>\u2022 Kyydiss\u00e4 (2014. Short. rrm)<br \/>\u2022 Me Rosvolat (2014. Foley-recording, rrm. Dir: Marjut Komulainen)<br \/>\u2022 Talousennustajat (2014. Short. rrm) \u2022 Ida&#8217;s Diary (2014. Norwegian documentary. rrm)<br \/>\u2022 K\u00e4\u00e4nt\u00f6paikka (2014. Short. rrm) \u2022 Premiere (2014. Short. rrm) \u2022 Miss Zahra (2014. rrm. Dir: Markus Lehmusruusu) \u2022 Tytt\u00f6 ja videokamera (2014. Short. rrm)<br \/>\u2022 1944 (2015. Estonian feature. se, rrm. Dir: Elmo N\u00fcgane) \u2022 Nuotin Vierest\u00e4 (2015. Foley-recording, rrm. Dir: Lauri Nurkse) \u2022 Don Juan (2015. Russian documentary. rrm)<br \/>\u2022 Lasikatto (2015. Short. rrm) \u2022 Napapiirin Sankarit 2 (2015. Foley recording, rrm) \u2022 Uneni on vasta alussa (2015. Feature demo. rrm. Dir: Paavo Westerberg) \u2022 Anna mulle Lovee (2016. Dialogue editing, rrm. Dir: Aleksi M\u00e4kel\u00e4) \u2022 Toivola (2016. Short. rrm. Dir: Kaika Astikainen)<br \/>\u2022 Onnenonkija (2016. rrm. Dir: Ville Jankeri) \u2022 Golgata (Short. rrm. Dir:)<br \/>\u2022 Syntym\u00e4vika (2016. Short. rrm. Dir: Kaisa El-Ramly)<br \/>\u2022 Bordertown (ie. Sorjonen) (2016. TV series, 11 episodes. rrm)<br \/>\u2022 Uudet Diktaattorit (2016. Documentary. rrm)<br \/>\u2022 Bodom (2016. se, rrm. Dir: Taneli Mustonen. First finnish Atmos-mix)<br \/>\u2022 Eput (2016. Rrm. Dir: Saku Pollari) \u2022 Mannerlaatta (2016 . Rrm. Dir: Mika Taanila)<br \/>\u2022 4 Elements (2016. Rrm. Dir: Natalie Halla) \u2022 Alma de sant Pere (2016. Rrm. Dir: Jarmo Lampela)<br \/>\u2022 J\u00e4rven Tarina (2016. Rrm. Dir: Kim Saarniluoto, Marko R\u00f6hr) <br \/>\u2022 Kuun mets\u00e4n Kaisa (2016. Rrm. Dir: Katja Gauriloff) \u2022 95 (2017. Rrm. Dir: Aleksi M\u00e4kel\u00e4)<br \/>\u2022 Nokia Mobile (2017. Rrm. Dir: Arto Koskinen) \u2022 A Moment in the reeds (2017. ADR)<br \/>\u2022 Swingers (2018. rrm. Dir: Pamela Tola) \u2022 The Name of the Game (2018. RRM. Dir: Paul J. Vogel)<br \/>\u2022 M (2018. RRM. Dir: Anna Eriksson) \u2022 Olen Suomalainen (2019. RRM. Dir: Aleksi M\u00e4kel\u00e4) <br \/>\u2022 Luonnon Laki (2019. RRM) \u2022 Limbo (2019. RRM.) <br \/>\u2022 T\u00e4ydellinen Joulu (2019. Dialogue editing. Dir: Taru M\u00e4kel\u00e4) \u2022 Beloved Daughter (2019. Sound editing, RRM. Dir: Tina Madisson) \u2022 Karppi S2 (2019. RRM. Dir: Rike Jokela ) <br \/>\u2022 Neiti Aika (2019. RRM.) \u2022 Advocaten (2020. Series. Dialogue Editing) <br \/>\u2022 Peruna (2020. RRM. Dir: Joona Tena) \u2022 Replay (2020. RRM) \u2022 Tunturin Tarina (2020. Documentary. RRM. Dir: Marko R\u00f6hr) \u2022 Lost Boys (2020. RRM.) <br \/>\u2022 N\u00e4kym\u00e4tt\u00f6m\u00e4t (2020. RRM) \u2022 Knock, Knock (2020. RRM) \u2022 Souturetki (2021. Short. RRM) <br \/>\u2022 Kansanradio (2021. Documentary. RRM. Dir: Virpi Suutari) \u2022 Sinun Unesi (2021. Short. RRM)<br \/>\u2022 Syke-elokuva (2020. RRM. Dir: Toni Laine)<br \/>\u2022 Sorjonen &#8211; Muraalimurhat (2021. RRM. Dir: Juuso Syrj\u00e4, Miikko Oikkonen) <br \/>\u2022 Supermarsu 2 (2021. RRM. Dir: Joona Tena) <br \/>\u2022 JVG-elokuva (2021. RRM. Dir: Taito Kawata, Miika S\u00e4rm\u00e4kari). <br \/>\u2022 The Twin (2021. RRM. Dir: Taneli Mustonen) \u2022 Sisarukset (2022. RRM. Dir: Saara Cantell) <br \/>\u2022 What Remains (2022. RRM. Dir: Ran Huang) \u2022 Sieniretki (2022. RRM. Dir: J-P Siili)<br \/>\u2022 Monica at the South Seas (2022. RRM. Dir: Sami van Ingen, Mika Taanila)<br \/>\u2022 Kulkuset kulkuset (2022. RRM. Dir: Taru M\u00e4kel\u00e4)<br \/>\u2022 Souturetki (2023. RRM. Dir: Aleksi Delikouras) \u2022 Polkuvene (2023. RRM. Dir:)<br \/>\u2022 Jope Ite (2023. RRM. Dir: Marko Talli)<br \/>\u2022 Spede-elokuva (2023. RRM. Dir: Aleksi Delikouras)<br \/>\u2022 Hein\u00e4hattu, Vilttitossu ja Kana (2024. RRM. Dir: Reetta Aalto)<\/p>\n\n\n<p>For <strong>Finnvox Cinepost<\/strong>: Sound Post for cinema, TV, VOD<br>Re recording mixer, Sound Editor<br>\u2022 Alaska Highway (2012, rrm. Dir: Aleksi Salmenper\u00e4)<br>\u2022 American Vagabond\u00a0(2012, rrm. Dir: Susanna Helke)<br>\u2022 Hilton!\u00a0(2012, rrm. Dir: Virpi Suutari)<br>\u2022 North of Eden (Puutarha-ihmisi\u00e4) (2013, rrm. Dir: Virpi Suutari)<br>\u2022 Apeiron (2013, rrm. Dir: Marja Ruotsala) \u2022 Muutoksii (2014, rrm. Dir: Sami Laitinen)<br>\u2022 Huono Paimen x 2 (2014, rrm. ELO student films)\u00a0\u2022 Talvivaaran Miehet (2014. Documentary. rrm)\u00a0\u2022 Hyv\u00e4 \u00c4iti (2015. 2 x short. rrm) \u2022 Eleganssi (2016. rrm. Documentary, dir: Virpi Suutari )\u00a0\u2022 The War Show (2016. Documentary. rrm) \u2022 Danny (2016. RRM. Dir: Sakari Saksa)<br>\u2022 Black Widows S2 (2017. RRM, series) \u2022 Yritt\u00e4j\u00e4 (2018. RRM. Dir: Virpi Suutari)<br>\u2022 Baby Jane (2018. RRM. Dir: Katja Gauriloff)<br>\u2022 Waiting for Barcelona (2018. RRM. Dir: Juho-Pekka Tanskanen) \u2022 El\u00e4imen Kuva (2018. RRM)<br>\u2022 Kaikki Oikein (2018. RRM. Dir: Lenka Helstedt) \u2022 Bitter Love (2019. RRM.)<br>\u2022 Invisible Heroes (2019. TV series. RRM. Dir: Mika Kurvinen)<br>\u2022 Typhoon Mama (2019. RRM. Dir: Lou Strandberg) <br>\u2022 Hein\u00e4hattu ja Vilttitossu \u00c4k\u00e4inen Koululainen (2019. RRM. Dir: Lenka Hellstedt) <br>\u2022 Californian Commando (2019. Series. RRM. Dir: Jalmari Helander)<br>\u2022 Tiger\/SES (2020. Short. RRM. Dir: Mika Taanila) \u2022 Aalto (2020. RRM. Dir: Virpi Suutari)<br>\u2022 Rahti (Cargo) (2021. TV Series. RRM. Dir: Matti Kinnunen) <br>\u2022 Karkurit (2021. TV Series. RRM &#8211; 5.1 mixes. Dir: Assorted) <br>\u2022 Free Skate (2021. RRM. Dir: Roope Olenius)<br>\u2022 Nature Document (2021. Documentary. RRM. Dir: Joel Karppanen) <br>\u2022 Helsinki Syndrome (2021\/2022. TV Series. RRM. Dir: Various, show runner Miikko Oikkonen)<br>\u2022 Rosvopankki (2022. TV Series. RRM. Dir: Matti Kinnunen) <br>\u2022 Kaikki Anteeksi (2022. TV Series. RRM. Dir: Antti Heikki Pesonen) <br>\u2022 Universumin Kaiut (2022. Documentary. RRM. Dir: Riitta Rask) <br>\u2022 Pohjant\u00e4hti (2022. TV Series. RRM (With Tarmo Pehkonen). Dir: Teppo Airaksinen) <br>\u2022 Dance Brothers (2022. Netflix series. RRM. Dir: Taito Kawata) <br>\u2022 Poromafia (TV Series. 2022\/2023. RRM. Dir: Mika Kurvinen) <br>\u2022 10 Kirjett\u00e4 tulevaisuuteen (2022. Documentary. RRM. Dir: Anu Kuivalainen)<br>\u2022 The First Five (2023. HBO Documentary. RRM. Dir: Mia Halme)<br>\u2022 Urpot (2023. Documentary. RRM. Dir: Karolina Gr\u00f6hndal)<br>\u2022 Michael Monroe (2023. Documentary. RRM. Dir: Pete Eklund)<br>\u2022 Kosto (TV series. 2023\/2024. RRM. Dir: Matti Kinnunen)<br>\u2022 Havumets\u00e4n Lapset (2024. Documentary. RRM. Dir: Virpi Suutari)<\/p>\n\n\n\n<p>For <strong>Brink Helsinki<\/strong>: TV Commercials, Short Films<br>Sound Designer, sound editor, composer<br>Veikkaus Flipbook (2011),Veikkaus Kes\u00e4lotto (2011), Outokumpu (2012), ProViva (2011), Oral (2011),&nbsp;Sito (2011), Saarioinen (2011, 2012), Blancco (2011), OP (2011), Finlandia (2011, 2012), Veikkaus (2012, 2013, 2014), DNA (2012), Fonecta (2012), Etuovi.com (2012),&nbsp;JCDecaux (2012), Slush (2012), iLoq (2012, 2014), Rovio (2012, 2013), Hyper[In] (2012), My Cashflow (2012, 2013),&nbsp;KoneCranes (2012, 2013), Kone (2013), FSecure (2013),&nbsp;Danske Bank (2013, 2014), Benecol (2013), Vaasan (2013, 2014), Tieto (2013), \u00c4lvsby-talot (2013), Pohjolan Voima (2013), W\u00e4rtsil\u00e4 (2014), HUS (2014), Fastroi Hilkka, Kunto (2014), Boomeranger (2015), Reaktor (2015), Futuro (2015), Aalto Comp (2015), Opteam (2015)<br>Elisa Aisti (2016), Stockmann Haamu (2016), Fimec (2016), Oikotie (2016), Stockmann (2016-2020), Valio (2019, 2020), Kone (2018, 2019, 2020)<br>2020 -2023: Efecte, Brand Bastion, Helvar, Elisa, F-Secure, Telia, Kone, Lidl&#8230;<\/p>\n\n\n\n<p><strong>History&#8230;.:<\/strong><\/p>\n\n\n\n<p>@ <strong>Musicmakers<\/strong>: TV Commercials etc.<br>Sound editor<br>\u2022 Neste, Finnair, Mattel, Carrols&#8230;<\/p>\n\n\n\n<p>For <strong>Frame Graphics<\/strong>: TV Commercials, Short Films.<br>Sound designer, sound editor<br>\u2022 Valmius, Nokia, Toyota, Loreal&#8230;<\/p>\n","protected":false},"excerpt":{"rendered":"<p>The other side of the coin&#8230; \u2022 Black Widows (Scandinavian remake) (2016. rrm. 8 episodes. Dir: Janic Heen, Carsten Myllerup) For Kalevala \u00c4\u00e4ni: Feature Films, Documentaries, TV Commercials.Sound editor, re recording mixer, studio manager\u2022 Lomalla (2000. se. Dir. Aleksi M\u00e4kel\u00e4) \u2022 Pahat Pojat (2003. se. Dir. Aleksi M\u00e4kel\u00e4)\u2022 Voitka &#8211; Mets\u00e4veljet (2003. se. Dir: Pekka &hellip; <a href=\"https:\/\/sarhamaa.com\/wp\/?page_id=27\" class=\"more-link\">Continue reading <span class=\"screen-reader-text\">CV &#8211; Audio post<\/span> <span class=\"meta-nav\">&rarr;<\/span><\/a><\/p>\n","protected":false},"author":1,"featured_media":543,"parent":0,"menu_order":3,"comment_status":"open","ping_status":"closed","template":"","meta":{"footnotes":""},"class_list":["post-27","page","type-page","status-publish","has-post-thumbnail","hentry"],"_links":{"self":[{"href":"https:\/\/sarhamaa.com\/wp\/index.php?rest_route=\/wp\/v2\/pages\/27","targetHints":{"allow":["GET"]}}],"collection":[{"href":"https:\/\/sarhamaa.com\/wp\/index.php?rest_route=\/wp\/v2\/pages"}],"about":[{"href":"https:\/\/sarhamaa.com\/wp\/index.php?rest_route=\/wp\/v2\/types\/page"}],"author":[{"embeddable":true,"href":"https:\/\/sarhamaa.com\/wp\/index.php?rest_route=\/wp\/v2\/users\/1"}],"replies":[{"embeddable":true,"href":"https:\/\/sarhamaa.com\/wp\/index.php?rest_route=%2Fwp%2Fv2%2Fcomments&post=27"}],"version-history":[{"count":19,"href":"https:\/\/sarhamaa.com\/wp\/index.php?rest_route=\/wp\/v2\/pages\/27\/revisions"}],"predecessor-version":[{"id":1182,"href":"https:\/\/sarhamaa.com\/wp\/index.php?rest_route=\/wp\/v2\/pages\/27\/revisions\/1182"}],"wp:featuredmedia":[{"embeddable":true,"href":"https:\/\/sarhamaa.com\/wp\/index.php?rest_route=\/wp\/v2\/media\/543"}],"wp:attachment":[{"href":"https:\/\/sarhamaa.com\/wp\/index.php?rest_route=%2Fwp%2Fv2%2Fmedia&parent=27"}],"curies":[{"name":"wp","href":"https:\/\/api.w.org\/{rel}","templated":true}]}}