{"id":495,"date":"2012-07-06T13:44:22","date_gmt":"2012-07-06T13:44:22","guid":{"rendered":"http:\/\/sarhamaa.wordpress.com\/?page_id=12"},"modified":"2024-05-29T08:55:57","modified_gmt":"2024-05-29T05:55:57","slug":"cv-music","status":"publish","type":"page","link":"https:\/\/sarhamaa.com\/wp\/?page_id=495","title":{"rendered":"CV &#8211; Music"},"content":{"rendered":"\n<h2 class=\"wp-block-heading\"><strong>Musical Curriculum Vitae &#8211; short &amp; sweet:<\/strong><\/h2>\n\n\n\n<figure class=\"wp-block-image size-large\"><a href=\"https:\/\/sarhamaa.com\/wp\/wp-content\/uploads\/2012\/07\/mg_9359.jpg\"><img loading=\"lazy\" decoding=\"async\" width=\"1024\" height=\"682\" src=\"https:\/\/sarhamaa.com\/wp\/wp-content\/uploads\/2012\/07\/mg_9359-1024x682.jpg\" alt=\"\" class=\"wp-image-228\" srcset=\"https:\/\/sarhamaa.com\/wp\/wp-content\/uploads\/2012\/07\/mg_9359-1024x682.jpg 1024w, https:\/\/sarhamaa.com\/wp\/wp-content\/uploads\/2012\/07\/mg_9359-300x200.jpg 300w, https:\/\/sarhamaa.com\/wp\/wp-content\/uploads\/2012\/07\/mg_9359.jpg 1123w\" sizes=\"auto, (max-width: 1024px) 100vw, 1024px\" \/><\/a><\/figure>\n\n\n\n<p><\/p>\n\n\n\n<p><strong>Born<\/strong> 1963. Married to Katrina, son Jarno, daughter Salli<br><strong>Graduated<\/strong> from Sibelius-lukio 1981<br><strong>Playing<\/strong> &#8211; guitar from 1976, piano 1979, synth\/keys 1982,<br>bass 1988, drums 2005. Vocals always\/never<br><strong>First band<\/strong>, <a href=\"http:\/\/sarhamaa.wordpress.com\/bands\/basement-boys-nameless\/\">Basement Boys aka Nameless<\/a> 1977-78<br><strong>Later bands<\/strong> &#8211; <a href=\"http:\/\/sarhamaa.wordpress.com\/bands\/caramba\/\">Caramba<\/a> (78-79), <a href=\"http:\/\/sarhamaa.wordpress.com\/bands\/pmf\/\">PMF<\/a> (79), <a href=\"http:\/\/sarhamaa.wordpress.com\/bands\/sibbe\/\">Sibbe<\/a> (80-82), <a href=\"http:\/\/sarhamaa.wordpress.com\/bands\/epitaph\/\">Epitaph<\/a> (80-81),<br><a href=\"http:\/\/sarhamaa.wordpress.com\/bands\/leroy\/\">Leroy<\/a> (81),<a href=\"http:\/\/sarhamaa.wordpress.com\/bands\/chapter-one\/\"> Chapter One<\/a> (82-85), <a href=\"http:\/\/sarhamaa.wordpress.com\/bands\/jone\/\">Jone<\/a> (86), <a href=\"http:\/\/sarhamaa.wordpress.com\/bands\/red\/\">Red<\/a> (87-89), <a href=\"http:\/\/sarhamaa.wordpress.com\/bands\/uima-allas\/\">Uima-allas<\/a> (1993),<br><a href=\"http:\/\/sarhamaa.wordpress.com\/bands\/ps\/\">PS.<\/a> (1989-2005), <a href=\"http:\/\/sarhamaa.wordpress.com\/bands\/kataya-main\/\">Kataya<\/a> (2006-2010), <a href=\"http:\/\/sarhamaa.wordpress.com\/bands\/kudos\/\">Kudos<\/a> (2010-2011), <a href=\"http:\/\/sarhamaa.wordpress.com\/bands\/flipside\/\">FlipSide<\/a> (2012-2014), <br>Inertia (2015-2018->)<br><a href=\"https:\/\/sarhamaa.com\/wp\/?page_id=920\" data-type=\"page\" data-id=\"920\">Lighthouse Sparrows<\/a> (2019->)<br><strong>Solo aliases<\/strong> &#8211; <a href=\"http:\/\/sarhamaa.wordpress.com\/solo\/samsararevenge\/\">Samsara\/Revenge<\/a>, <a href=\"http:\/\/sarhamaa.wordpress.com\/solo\/sam-marsala\/\">Sam Marsala<\/a>, <a href=\"http:\/\/sarhamaa.wordpress.com\/solo\/liquid-wolf\/\">Liquid Wolf<\/a>, <a href=\"http:\/\/sarhamaa.com\/wp\/?page_id=159\">SSTB<\/a><\/p>\n\n\n\n<h2 class=\"wp-block-heading\"><strong>Releases<\/strong>:<\/h2>\n\n\n\n<p><em>As an artist:<\/em><br><em>Sibbe<\/em>: Pakolais\u00e4iti (1980, Single)<br><em>Jone<\/em>: Askel tyhjyyteen (1986, Single), Paha uni (1986, Single)<br><em>PS.<\/em>: Ajan Virrassa (1997, CD), Onni (2001, CD), Oma Maailma (2005, CD)<br>Soundtracks for movies <em>Tomas<\/em> (1996), <em>Y\u00f6juna<\/em> (1996) &amp; <em>Bonk, Cosmic Sucker<\/em> (1997)<br><em>Sam Marsala:<\/em> Scapes &amp; Tracks (2009, CD)<br><em>Kataya<\/em>: Canto Obscura (2008, CD), Voyager (2010, CD)<br><em>Liquid Wolf<\/em>: First Light (2012, CD)<br><em>Sam Marsala<\/em>: Trails of Mist (2013, CD)<br><em>Kudos<\/em>: Live at Rekolan Kino (2013, CD)<br><em>FlipSide<\/em>: ep#1 (2014, CD, digi)<br><em>Chapter One<\/em>: One (2014, CD)<br><em>Kataya<\/em>: Lives (2014, CD)<br><em>SStb<\/em>: Blacks &amp; Blues (2015, CD)<br><em>FlipSide<\/em>: Dead Light (2015, CD)<br><em>Inertia<\/em>: New Obstacles (2017, CD, digi)<br><em>Liquid Wolf<\/em>: Second Wind, parts 1 &amp; 2 (2018, CD, digi)<br><em>SStb<\/em>: misplaced (2019, CD, digi)<br><em>Lighthouse Sparrows<\/em>: The Deep End (2020, CD, digi)<br><em>Lighthouse Sparrows<\/em>: Safe and Sound (2021, single, digi)<br><em>Liquid Wolf<\/em>: Plight (2021, single, digi)<br><em>Lighthouse Sparrows<\/em>: Elephant (2021, single, digi)<br><em>Lighthouse Sparrows<\/em>: AERIALS (2022, digi\/vinyl)<br><em>Chapter One<\/em>: Two (2022, digi)<br><em>SStb<\/em>: Little Things (2023, CD, digi)<br><em>Lighthouse Sparrows<\/em>: Dark Matter (alpha) (2023, digi\/CD)<br><em>Lighthouse Sparrows<\/em>: Dark Matter (beta) (2024, digi\/CD)<br><\/p>\n\n\n\n<p><em>As an engineer\/producer\/mixer\/mastering engineer\/other:<br>Kauko R\u00f6yhk\u00e4:<\/em><br>\u2022 Sin\u00e4 olet t\u00e4hti (CD, 1997. mi)<br>\u2022 Puiden alle (CD, 1998. e\/p\/mi\/keys)<br><em>Katri Helena<\/em>: Vie Minut remix (Single, 1996. e\/p\/mi)<br><em>Aikakone<\/em>: El Sol (song from CD: Maa, 1998. e\/p)<br><em>Maarit<\/em>: Sit\u00e4 mit\u00e4 rakastan (CD, 1998. e\/mi)<br><em>Jyk\u00e4<\/em>: Ukkosrumpu (CD, 2001. e\/p\/m\/guitar, keys)<br><em>Incredible Nothing<\/em>: Temporary Insanity (CD, 2005. e\/p\/mi)<br><em>Samuli Edelmann:<\/em><br>\u2022 Kaikki tahtoo (CD, 2001. e)<br>\u2022 Enkelten tuli (CD, 2003. e)<br><em>Sakari Kuosmanen:<\/em><br>\u2022 Pieni syd\u00e4n (CD, 2002. e)<br>\u2022 Ent\u00e4 jos (CD, 2003. e)<br><em>Pyh\u00e4kouluorkesteri<\/em>: 1 (2006, CD. e\/p\/mi\/guitar, keys)<br><em>Vibrak\u00f6\u00f6ri<\/em>: Pidemm\u00e4n kaavan mukaan (2007, CD. e\/mi)<br><em>Kurkirku<\/em>: the Mesh (2007, CD. e\/p\/mi)<br><em>Jeavestone<\/em>:<br>\u2022 Spices, species &amp; poetry petrol (2008, CD. mi\/guitar, keys).<br>\u2022 1+1 = OK (2010, CD. e\/p\/mi\/guitar, keys)<br><em>Melankolics<\/em>:<br>\u2022 Days of engine and oil (2008, CD. e\/p\/mi\/guitar, keys, bvox)<br>\u2022 Eva Braun (2010, single. e\/p\/mi\/guitar, keys, bvox)<br>\u2022 Western Mujahedin (2011, single. e\/p\/mi\/guitar, keys, bvox)<br><em>Pax Romana:<\/em><br>\u2022 Trace of light (2008, CD. e\/p\/mi\/guitar, keys)<br>\u2022 And the dance begins again (2010, CD. mi\/ma\/guitar, keys)<br><em>Indigoflood<\/em>: Undertow of peculiar tales II (2009, CD. e\/p\/mi\/guitar, keys)<br><em>Corey &amp; Maple:<\/em><br>\u2022 Dialogue (CD, 2003. e\/mi\/keys, programming)<br>\u2022 Home in the universe (CD, 2007. mi\/lap steel, gtr, bvoc)<br><em>Antero Raimo &amp; Ovet:<\/em><br>\u2022 Parhaat Palat (CD, 2006. e\/mi)<br>\u2022 Ihre sch\u00f6nsten Humppa hits (CD, 2008. e\/mi)<br>\u2022 Korsoon (Single, 2007. e\/p\/mi\/ma)<br>\u2022 Vaarallista\/Soul Dance (Single, 2011. e\/p\/mi\/ma. gtr\/keys)<br>\u2022 Ishias\/Hotellikuolema (Single, 2012. e\/p\/mi\/ma. Keys)<br>\u2022 El\u00e4m\u00e4 On Vaarallista (CD, 2013. e\/p\/mi. Keys, gtr)<br>\u2022 K\u00e4rp\u00e4nen (Single, 2016 . e\/p\/mi. Keys)<br><em>Johanna Iivanainen<\/em>: Loisto &#8211; the collection (CD, 2009. ma &#8211; songs Old country &amp; Counting the waves e\/mi)<br><em>Pepa P\u00e4ivinen<\/em>: North pipe (CD, 2009. ma)<br><em>Blackout<\/em> (Feature film, 2009. mi. Music by Lauri Yl\u00f6nen, treated by Karl Sinkkonen)<br><em>Nauticus<\/em>: A wave to carry us out (CD, 2009. ma)<br><em>Esa Kotilainen<\/em>: Turquoise planet (CD, 2010. ma)<br><em>Carita Holmstr\u00f6m<\/em>: My diary of songs (CD, 2010. ma)<br><em>Two by Four<\/em>: Cheapest Getaway (CD, 2010. mi (with Samu Wuori)\/ma)<br><em>Teemu Raita<\/em>: Maalle takaisin (CD, 2011. mi\/gtr, keys)<br><em>D\u00e4r Vi En G\u00e5ng G\u00e5tt<\/em> (Feature Film, 2011, e\/mi. Music by Mauri Sum\u00e9n)<br><em>Tiger Angle<\/em> : Tiger Angle (EP, 2011. e\/p\/mi\/ma. gtr, keys, bg voc)<br><em>Ja Saapuu Oikea Y\u00f6<\/em> (Feature film, 2012. mi. Music by The Gentleman Losers)<br><em><em>Alpha Indigo<\/em>: <\/em>Blueprints EP (CD, 2012. mi\/ma\/ac gtr, gtr, bs, bvoc)<em><br>Nauticus: <\/em>The wait (CD, 2012. ma)<br><em>Osumia ja Huteja<\/em> (Animated short, 2012. e\/mi. Music by Antti J. Paavilainen)<br><em>Tiger Angle:<\/em> EMP (EP, 2013. e\/p\/mi. Gtr, keys, bass, drs)<br><em>Sana Vain<\/em> (CD, 2014. Ma)<br><em>Lakewood Experiment<\/em> (CD, 2014. Ma)<br><em>Alpha Indigo<\/em>: Rolling Out (CD, 2014. e\/p\/mi\/ma. Gtr\/bvox)<br><em>Waloa<\/em>: Uusi Aika (CD, 2014. e\/p\/mi. Gtr, keys)<br><em>Alpha Indigo<\/em>: 2015 singles (Digi. ma)<br><em>Oddtomatic<\/em>: Cryptic Messages: 2020 (Mix, co-prod, keys, gtr)<br><em>Injured<\/em>: EP (2021. Eng\/mix)<br><em>Injured<\/em>: EP2 (2023. Eng\/mix)<\/p>\n","protected":false},"excerpt":{"rendered":"<p>Musical Curriculum Vitae &#8211; short &amp; sweet: Born 1963. Married to Katrina, son Jarno, daughter SalliGraduated from Sibelius-lukio 1981Playing &#8211; guitar from 1976, piano 1979, synth\/keys 1982,bass 1988, drums 2005. Vocals always\/neverFirst band, Basement Boys aka Nameless 1977-78Later bands &#8211; Caramba (78-79), PMF (79), Sibbe (80-82), Epitaph (80-81),Leroy (81), Chapter One (82-85), Jone (86), Red &hellip; <a href=\"https:\/\/sarhamaa.com\/wp\/?page_id=495\" class=\"more-link\">Continue reading <span class=\"screen-reader-text\">CV &#8211; Music<\/span> <span class=\"meta-nav\">&rarr;<\/span><\/a><\/p>\n","protected":false},"author":1,"featured_media":0,"parent":0,"menu_order":2,"comment_status":"open","ping_status":"closed","template":"","meta":{"footnotes":""},"class_list":["post-495","page","type-page","status-publish","hentry"],"_links":{"self":[{"href":"https:\/\/sarhamaa.com\/wp\/index.php?rest_route=\/wp\/v2\/pages\/495","targetHints":{"allow":["GET"]}}],"collection":[{"href":"https:\/\/sarhamaa.com\/wp\/index.php?rest_route=\/wp\/v2\/pages"}],"about":[{"href":"https:\/\/sarhamaa.com\/wp\/index.php?rest_route=\/wp\/v2\/types\/page"}],"author":[{"embeddable":true,"href":"https:\/\/sarhamaa.com\/wp\/index.php?rest_route=\/wp\/v2\/users\/1"}],"replies":[{"embeddable":true,"href":"https:\/\/sarhamaa.com\/wp\/index.php?rest_route=%2Fwp%2Fv2%2Fcomments&post=495"}],"version-history":[{"count":17,"href":"https:\/\/sarhamaa.com\/wp\/index.php?rest_route=\/wp\/v2\/pages\/495\/revisions"}],"predecessor-version":[{"id":1180,"href":"https:\/\/sarhamaa.com\/wp\/index.php?rest_route=\/wp\/v2\/pages\/495\/revisions\/1180"}],"wp:attachment":[{"href":"https:\/\/sarhamaa.com\/wp\/index.php?rest_route=%2Fwp%2Fv2%2Fmedia&parent=495"}],"curies":[{"name":"wp","href":"https:\/\/api.w.org\/{rel}","templated":true}]}}