{"id":59,"date":"2012-07-07T15:49:07","date_gmt":"2012-07-07T15:49:07","guid":{"rendered":"http:\/\/sarhamaa.wordpress.com\/?page_id=59"},"modified":"2020-09-21T18:57:06","modified_gmt":"2020-09-21T15:57:06","slug":"sibbe","status":"publish","type":"page","link":"https:\/\/sarhamaa.com\/wp\/?page_id=59","title":{"rendered":"Sibbe"},"content":{"rendered":"<p>1980-1982. Our school band in Kruununhaan Musiikkilukio, later Sibelius-lukio.<\/p>\n<p><em>Members<\/em>:<\/p>\n<p><strong>Leo Andonov<\/strong>: Bass, vocals<br \/><strong>Veli-Sakari &#8220;Sika&#8221; Kukkonen<\/strong>: Drums<br \/><strong>Otso &#8220;Raoul&#8221; Mannola<\/strong>: Guitar<br \/><strong>Pauli P\u00e4ivi\u00f6<\/strong>: Keyboards<br \/><strong>Sami Sarhamaa<\/strong>: Guitar, vocals<br \/><strong>Mikko Terhi\u00e4<\/strong>: Drums<\/p>\n<p>My musical school in the music school, in this band I learned how to play guitar. We were expertly coached by Anssi Tikanm\u00e4ki and later by Reijo Karvonen. My guitar teacher was Nono S\u00f6derberg. Sika, being a senior, played with us only for a short while. Mikko was the &#8220;real&#8221; drummer of the band. We were the crown princes to Krunikka Band, our &#8220;godfather&#8221; Juhi Merinen played bass in it. Juhi was from our &#8216;hood and had earlier played bass in Midway. He was to blame that I, together with Leo, applied for the Kruununhaan Musiikkilukio, later Sibelius-lukio (and to my suprise, got in). I think all in all music saved me by empowering me. From my varied musical activities I received the energy that got me through school. Not to mention that I met my future wife, who was in my class.<br \/>We played in varied happenings at school and outside, most memorable being:<br \/>\u2022 the Variations gig (Us + Seppo Kantonen (piano) and Mika Suihkonen (Cello))<br \/>\u2022 Anssi&#8217;s &#8220;Aamu Lakeuksilla&#8221; with our school orchestra.<br \/>\u2022 A private gig at Balder-sali<br \/>\u2022 &#8220;Do or die&#8221; at a school party, solo that lifted me 5 cm of the ground&#8230;<br \/>\u2022 Matine concert @ Tavastia-klubi, we played mine and Pauli&#8217;s first reasonably good songs Devil&#8217;s run &amp; The sun still believes.<br \/>\u2022 Pakolais\u00e4iti-project with a TV appearance and a recording session at Soundtrack Studios, helmed by Ian Churches.<\/p>\n<p>We were privileged to play songs from Anssi&#8217;s &#8220;Maisemakuvia Suomesta&#8221; before it was released.<\/p>\n\n\n<figure class=\"wp-block-embed-soundcloud wp-block-embed is-type-rich is-provider-soundcloud wp-embed-aspect-4-3 wp-has-aspect-ratio\"><div class=\"wp-block-embed__wrapper\">\n<iframe loading=\"lazy\" title=\"Sibbe - Let it Grow (1980) by sarhis\" width=\"604\" height=\"400\" scrolling=\"no\" frameborder=\"no\" src=\"https:\/\/w.soundcloud.com\/player\/?visual=true&#038;url=https%3A%2F%2Fapi.soundcloud.com%2Ftracks%2F53689057&#038;show_artwork=true&#038;maxheight=906&#038;maxwidth=604&#038;secret_token=s-riAcN\"><\/iframe>\n<\/div><\/figure>\n\n\n\n<figure class=\"wp-block-embed-soundcloud wp-block-embed is-type-rich is-provider-soundcloud wp-embed-aspect-4-3 wp-has-aspect-ratio\"><div class=\"wp-block-embed__wrapper\">\n<iframe loading=\"lazy\" title=\"Sibbe - Cocaine (1980) by sarhis\" width=\"604\" height=\"400\" scrolling=\"no\" frameborder=\"no\" src=\"https:\/\/w.soundcloud.com\/player\/?visual=true&#038;url=https%3A%2F%2Fapi.soundcloud.com%2Ftracks%2F53689025&#038;show_artwork=true&#038;maxheight=906&#038;maxwidth=604&#038;secret_token=s-OR0Sr\"><\/iframe>\n<\/div><\/figure>\n","protected":false},"excerpt":{"rendered":"<p>1980-1982. Our school band in Kruununhaan Musiikkilukio, later Sibelius-lukio. Members: Leo Andonov: Bass, vocalsVeli-Sakari &#8220;Sika&#8221; Kukkonen: DrumsOtso &#8220;Raoul&#8221; Mannola: GuitarPauli P\u00e4ivi\u00f6: KeyboardsSami Sarhamaa: Guitar, vocalsMikko Terhi\u00e4: Drums My musical school in the music school, in this band I learned how to play guitar. We were expertly coached by Anssi Tikanm\u00e4ki and later by Reijo Karvonen. &hellip; <a href=\"https:\/\/sarhamaa.com\/wp\/?page_id=59\" class=\"more-link\">Continue reading <span class=\"screen-reader-text\">Sibbe<\/span> <span class=\"meta-nav\">&rarr;<\/span><\/a><\/p>\n","protected":false},"author":1,"featured_media":0,"parent":50,"menu_order":4,"comment_status":"open","ping_status":"closed","template":"","meta":{"footnotes":""},"class_list":["post-59","page","type-page","status-publish","hentry"],"_links":{"self":[{"href":"https:\/\/sarhamaa.com\/wp\/index.php?rest_route=\/wp\/v2\/pages\/59","targetHints":{"allow":["GET"]}}],"collection":[{"href":"https:\/\/sarhamaa.com\/wp\/index.php?rest_route=\/wp\/v2\/pages"}],"about":[{"href":"https:\/\/sarhamaa.com\/wp\/index.php?rest_route=\/wp\/v2\/types\/page"}],"author":[{"embeddable":true,"href":"https:\/\/sarhamaa.com\/wp\/index.php?rest_route=\/wp\/v2\/users\/1"}],"replies":[{"embeddable":true,"href":"https:\/\/sarhamaa.com\/wp\/index.php?rest_route=%2Fwp%2Fv2%2Fcomments&post=59"}],"version-history":[{"count":2,"href":"https:\/\/sarhamaa.com\/wp\/index.php?rest_route=\/wp\/v2\/pages\/59\/revisions"}],"predecessor-version":[{"id":1022,"href":"https:\/\/sarhamaa.com\/wp\/index.php?rest_route=\/wp\/v2\/pages\/59\/revisions\/1022"}],"up":[{"embeddable":true,"href":"https:\/\/sarhamaa.com\/wp\/index.php?rest_route=\/wp\/v2\/pages\/50"}],"wp:attachment":[{"href":"https:\/\/sarhamaa.com\/wp\/index.php?rest_route=%2Fwp%2Fv2%2Fmedia&parent=59"}],"curies":[{"name":"wp","href":"https:\/\/api.w.org\/{rel}","templated":true}]}}