{"id":98,"date":"2012-07-08T17:19:45","date_gmt":"2012-07-08T17:19:45","guid":{"rendered":"http:\/\/sarhamaa.wordpress.com\/?page_id=98"},"modified":"2020-08-02T10:20:52","modified_gmt":"2020-08-02T07:20:52","slug":"ps-ajan-virrassa","status":"publish","type":"page","link":"https:\/\/sarhamaa.com\/wp\/?page_id=98","title":{"rendered":"PS. : Ajan Virrassa"},"content":{"rendered":"<p>First PS. CD. Took 6 years to make.<\/p>\n<p style=\"text-align: center;\"><a href=\"http:\/\/sarhamaa.files.wordpress.com\/2012\/07\/ps_av_kansi_ok.jpg\"><img loading=\"lazy\" decoding=\"async\" class=\"wp-image-110 aligncenter\" title=\"PS_AV_kansi_ok\" src=\"http:\/\/sarhamaa.files.wordpress.com\/2012\/07\/ps_av_kansi_ok.jpg\" alt=\"\" width=\"296\" height=\"296\" srcset=\"https:\/\/sarhamaa.com\/wp\/wp-content\/uploads\/2012\/07\/ps_av_kansi_ok.jpg 1400w, https:\/\/sarhamaa.com\/wp\/wp-content\/uploads\/2012\/07\/ps_av_kansi_ok-150x150.jpg 150w, https:\/\/sarhamaa.com\/wp\/wp-content\/uploads\/2012\/07\/ps_av_kansi_ok-300x300.jpg 300w, https:\/\/sarhamaa.com\/wp\/wp-content\/uploads\/2012\/07\/ps_av_kansi_ok-1024x1024.jpg 1024w\" sizes=\"auto, (max-width: 296px) 100vw, 296px\" \/><\/a><\/p>\n<p>Burned from previous failures, Pauli and myself were quite determined to succeed this time, so we took our sweet time doing it. We made and re-made songs, some even 3 times over. Changed vocalists, took on more personnel. We wanted to get it right. We did, at least as close right as we could with the resources at hand at the time. Luckily I was working at Music Makers then, so I had the opportunity to record and mix there using the 24 track Otari and the AMEK mixer and excellent outboards. Tomi did an amazing job with the cover and especially with the booklet where we had different photographers illustrating different songs with their photographs. Very, very nice<br \/><br \/>Repa sang nicely, but Hannu somehow always goes directly to the heart of the songs, he&#8217;s one of those interpreters who instinctively gets it right basically every time.<\/p>\n\n\n<figure class=\"wp-block-image size-large\"><img loading=\"lazy\" decoding=\"async\" width=\"680\" height=\"1024\" src=\"https:\/\/sarhamaa.com\/wp\/wp-content\/uploads\/2012\/07\/hannupstudiosyyskl-680x1024.jpg\" alt=\"\" class=\"wp-image-341\" srcset=\"https:\/\/sarhamaa.com\/wp\/wp-content\/uploads\/2012\/07\/hannupstudiosyyskl-680x1024.jpg 680w, https:\/\/sarhamaa.com\/wp\/wp-content\/uploads\/2012\/07\/hannupstudiosyyskl-199x300.jpg 199w, https:\/\/sarhamaa.com\/wp\/wp-content\/uploads\/2012\/07\/hannupstudiosyyskl.jpg 1151w\" sizes=\"auto, (max-width: 680px) 100vw, 680px\" \/><figcaption>Hannu Leid\u00e9n<\/figcaption><\/figure>\n\n\n\n<p><strong>Ajan Virrassa<\/strong>: <em>Kuuden vuoden projekti &#8220;<br><\/em>(These are the liner notes from the booklet)<\/p>\n\n\n\n<p>&#8220;Time sure flies&#8230;.&#8221;. Meill\u00e4 on todella pitk\u00e4\u00e4n ollut haave omasta studiosta ja siell\u00e4 tehdyst\u00e4 omasta levyst\u00e4. Haaveilusta asiaan p\u00e4\u00e4stiin joskus vuonna -90. Ensimm\u00e4inen yritys p\u00e4\u00e4ttyi hiukan nolosti: Teimme ekaa biisi\u00e4 yli vuoden ja biisin valmistuttua b\u00e4ndi hajosi. P\u00e4\u00e4timme kuitenkin jatkaa ja niin alkoi pitk\u00e4 taival kohti k\u00e4dess\u00e4si olevaa levy\u00e4.<\/p>\n\n\n\n<p>Aloitimme urakkamme siis vuonna 1992. Edellisest\u00e4 yrityksest\u00e4 viisastuneena emme kasanneet b\u00e4ndi\u00e4, vaan p\u00e4\u00e4timme tehd\u00e4 suurimman osan kahteen pekkaan k\u00e4ytt\u00e4en &#8220;vierasty\u00f6voimaa&#8221; eli yst\u00e4vi\u00e4mme tarvittavissa soittopuuhissa ja Macintoshia ja sekvensseriohjelmaa ohjelmoinnissa.<\/p>\n\n\n\n<p>Ensimm\u00e4isten kolmen biisin (Syyskuun Lapsi, Ehk\u00e4 Huomenna, Raha) valmistuttua Samin kotona palapelimenetelm\u00e4ll\u00e4 rumpali Ari Hujasen ja vokalisti\/lyyrikko Repa Sippolan avulla noin vuodessa (soitatimme\/soitimme soittimet yksi kerrallaan, yleens\u00e4 useampaan kertaan), tuntui paremmalta idealta koota b\u00e4ndi, treenata useampi biisi ja \u00e4\u00e4nitt\u00e4\u00e4 pohjat yhdell\u00e4 kerralla. Kutsuimme siis Kauppisen Esan rumpuihin, Pulkkisen Tipin bassoon sek\u00e4 Repan laulumieheksi, harjoittelimme nelj\u00e4 biisi\u00e4 (Oudossa valossa, Mestari, Palavat Tulet, Ensi askel), \u00e4\u00e4nitimme pohjat MusicMakersissa ja soitimme ja lauloimme Perfect Sound Studiossa loput.<\/p>\n\n\n\n<p>T\u00e4ss\u00e4 vaiheessa iski fiilis, etteiv\u00e4t seuraavana teht\u00e4v\u00e4ksi kaavaillut biisit ole tarpeeksi hyvi\u00e4, joten putsasimme p\u00f6yd\u00e4n ja teimme biisit Sanansa Mittainen Mies sek\u00e4 Narri, jotka tuntuivatkin enemm\u00e4n meilt\u00e4.<\/p>\n\n\n\n<p>Vuoden -95 lopun ja -96 alun projekti uinui hetken Samin tehdess\u00e4 leffamusaa ja Palen keskittyess\u00e4 tietokoneohjelmien tekemiseen. Kes\u00e4ll\u00e4 -96 ryhdyimme uudelleen toimeen ja miksasimme plakkarissa olevat 4 biisi\u00e4. J\u00e4lki oli sen verran asiallista, ett\u00e4 hommaan tuli taas vauhtia (eli saatettaisiin sittenkin saada levy valmiiksi ennen vuotta 2000!).<\/p>\n\n\n\n<p>Repa j\u00e4tt\u00e4ytyi t\u00e4ss\u00e4 vaiheessa pois ja kuin johdatuksesta eteemme osui Hannu Leid\u00e9n, Samin vanha b\u00e4ndikaveri Chapter Onesta. Hannu lupautui ensin laulamaan SMM:n ja Narrin. J\u00e4lki oli sanalla sanoen loistavaa ja pakkohan mies oli saada loppuihinkin biiseihin, onneksi n\u00e4in k\u00e4vikin. Sami oli my\u00f6s t\u00f6rm\u00e4nnyt vanhaan yst\u00e4v\u00e4\u00e4ns\u00e4 Tomi Laaksoseen, joka innokkaaseen tapaansa oli heti mukana meiningeiss\u00e4.<\/p>\n\n\n\n<p>Jamimeininki kiteytyikin melko nopeasti uusiksi biiseiksi (Aika, Onnea). Tekoprosessissa l\u00f6ydettiin ehk\u00e4 meille parhaiten sopiva vaihtoehto, jossa biisit treenattiin kuntoon, Tomi soitti Music Makersissa rummut, Pauli ja Sami tekiv\u00e4t muut kaurat PS:ss\u00e4 Hannun kruunatessa ne lopuksi upeilla laulu-suorituksillaan.<\/p>\n\n\n\n<p>Talvi -97 ja meill\u00e4 oli 12 biisi\u00e4 kasassa (Kunnon Ihminen t\u00e4ydent\u00e4\u00e4 tusinan). Paketti ei kuitenkaan tuntunut viel\u00e4k\u00e4\u00e4n tarpeeksi hyv\u00e4lt\u00e4, joten vet\u00e4ydyimme viel\u00e4 kerran kellariin ja v\u00e4s\u00e4simme kolme uutta rallia (N\u00e4yttelykuvia, Karavaani, Kulta-aika). T\u00e4ss\u00e4 yhteydess\u00e4 p\u00e4\u00e4timme pudottaa Ensi Askeleen pois, se kun oli kokoajan tuntunut jotenkin puolivalmiilta tekeleelt\u00e4. Samantien, kun olimme remonttiin kerran ryhtyneet, p\u00e4\u00e4timme soittaa ja laulaa Syyskuun lapsen kokonaan uudestaan ja soitattaa Rahan ja Kunnon ihmisen rummut Arilla. Raha tuntui kuitenkin melkoiselta kivireelt\u00e4, joten sekin sai kenk\u00e4\u00e4 kalkkiviivoilla ja samasta syyst\u00e4 my\u00f6s Mestari siirtyi ajasta ikuisuuteen.<\/p>\n\n\n\n<p>Aika on monella tapaa n\u00e4ytt\u00e4nyt eri puoliaan meille projektin kuluessa ja siit\u00e4 tulikin jonkinlainen yleisteema t\u00e4lle levylle. Kuinka sitten saada kulumaan l\u00e4hes kuusi vuotta yht\u00e4 levy\u00e4 tehden? Rennon tahdin, useitten uusintasoittojen ja muutamien pitkien taukojen avulla se oli helppoa.<\/p>\n\n\n\n<p>P\u00e4iv\u00e4kumpu, 070897<br>Sami Sarhamaa \u201d<\/p>\n\n\n\n<figure class=\"wp-block-embed-spotify wp-block-embed is-type-rich is-provider-spotify wp-embed-aspect-9-16 wp-has-aspect-ratio\"><div class=\"wp-block-embed__wrapper\">\n<iframe title=\"Spotify Embed: Onnea\" style=\"border-radius: 12px\" width=\"100%\" height=\"152\" frameborder=\"0\" allowfullscreen allow=\"autoplay; clipboard-write; encrypted-media; fullscreen; picture-in-picture\" loading=\"lazy\" src=\"https:\/\/open.spotify.com\/embed\/track\/5NMEj4gpYaBbHpGu7RCqK4?si=b32zCVXXTtyi3vhIbYlhcQ&#038;utm_source=oembed\"><\/iframe>\n<\/div><\/figure>\n","protected":false},"excerpt":{"rendered":"<p>First PS. CD. Took 6 years to make. Burned from previous failures, Pauli and myself were quite determined to succeed this time, so we took our sweet time doing it. We made and re-made songs, some even 3 times over. Changed vocalists, took on more personnel. We wanted to get it right. We did, at &hellip; <a href=\"https:\/\/sarhamaa.com\/wp\/?page_id=98\" class=\"more-link\">Continue reading <span class=\"screen-reader-text\">PS. : Ajan Virrassa<\/span> <span class=\"meta-nav\">&rarr;<\/span><\/a><\/p>\n","protected":false},"author":1,"featured_media":0,"parent":89,"menu_order":1,"comment_status":"open","ping_status":"closed","template":"","meta":{"footnotes":""},"class_list":["post-98","page","type-page","status-publish","hentry"],"_links":{"self":[{"href":"https:\/\/sarhamaa.com\/wp\/index.php?rest_route=\/wp\/v2\/pages\/98","targetHints":{"allow":["GET"]}}],"collection":[{"href":"https:\/\/sarhamaa.com\/wp\/index.php?rest_route=\/wp\/v2\/pages"}],"about":[{"href":"https:\/\/sarhamaa.com\/wp\/index.php?rest_route=\/wp\/v2\/types\/page"}],"author":[{"embeddable":true,"href":"https:\/\/sarhamaa.com\/wp\/index.php?rest_route=\/wp\/v2\/users\/1"}],"replies":[{"embeddable":true,"href":"https:\/\/sarhamaa.com\/wp\/index.php?rest_route=%2Fwp%2Fv2%2Fcomments&post=98"}],"version-history":[{"count":1,"href":"https:\/\/sarhamaa.com\/wp\/index.php?rest_route=\/wp\/v2\/pages\/98\/revisions"}],"predecessor-version":[{"id":979,"href":"https:\/\/sarhamaa.com\/wp\/index.php?rest_route=\/wp\/v2\/pages\/98\/revisions\/979"}],"up":[{"embeddable":true,"href":"https:\/\/sarhamaa.com\/wp\/index.php?rest_route=\/wp\/v2\/pages\/89"}],"wp:attachment":[{"href":"https:\/\/sarhamaa.com\/wp\/index.php?rest_route=%2Fwp%2Fv2%2Fmedia&parent=98"}],"curies":[{"name":"wp","href":"https:\/\/api.w.org\/{rel}","templated":true}]}}